{"id":28,"date":"2022-11-08T20:46:27","date_gmt":"2022-11-08T20:46:27","guid":{"rendered":"https:\/\/allsul.com.br\/livre\/?page_id=28"},"modified":"2025-07-07T22:10:32","modified_gmt":"2025-07-07T22:10:32","slug":"dependentes-familiares","status":"publish","type":"page","link":"https:\/\/allsul.com.br\/livre\/dependentes-familiares\/","title":{"rendered":"Dependentes\/Familiares"},"content":{"rendered":"\t\t<div data-elementor-type=\"wp-page\" data-elementor-id=\"28\" class=\"elementor elementor-28\" data-elementor-post-type=\"page\">\n\t\t\t\t<div data-particle_enable=\"false\" data-particle-mobile-disabled=\"false\" class=\"elementor-element elementor-element-faa80db e-flex e-con-boxed wpr-particle-no wpr-jarallax-no wpr-parallax-no wpr-sticky-section-no wpr-equal-height-no e-con e-parent\" data-id=\"faa80db\" data-element_type=\"container\" data-e-type=\"container\">\n\t\t\t\t\t<div class=\"e-con-inner\">\n\t\t\t\t<div class=\"elementor-element elementor-element-4e7bc5e elementor-position-left elementor-vertical-align-top elementor-widget elementor-widget-image-box\" data-id=\"4e7bc5e\" data-element_type=\"widget\" data-e-type=\"widget\" data-widget_type=\"image-box.default\">\n\t\t\t\t<div class=\"elementor-widget-container\">\n\t\t\t\t\t<div class=\"elementor-image-box-wrapper\"><figure class=\"elementor-image-box-img\"><img fetchpriority=\"high\" decoding=\"async\" width=\"300\" height=\"305\" src=\"https:\/\/allsul.com.br\/livre\/wp-content\/uploads\/2025\/07\/WhatsApp-Image-2025-06-09-at-17.43.11-e1751924230428.jpeg\" class=\"attachment-full size-full wp-image-2921\" alt=\"\" \/><\/figure><div class=\"elementor-image-box-content\"><h3 class=\"elementor-image-box-title\">Cart\u00f5es para familiares<\/h3><p class=\"elementor-image-box-description\">Seus familiares tamb\u00e9m poder\u00e3o participar do Clube de Descontos e ter acesso aos descontos das empresas credenciadas. Basta entrar em contato com a sua institui\u00e7\u00e3o e fazer a solicita\u00e7\u00e3o. Como o cart\u00e3o \u00e9 virtual (via app), a sua solicita\u00e7\u00e3o \u00e9 processada na hora.<br><br>\nCaso sua institui\u00e7\u00e3o n\u00e3o forne\u00e7a esse benef\u00edcio para dependentes e familiares, entre em contato com a ALL SUL. Vale ressaltar que, neste caso, o cart\u00e3o solicitado \u00e0 ALL SUL ter\u00e1 uma taxa de inscri\u00e7\u00e3o.<\/p><\/div><\/div>\t\t\t\t<\/div>\n\t\t\t\t<\/div>\n\t\t\t\t\t<\/div>\n\t\t\t\t<\/div>\n\t\t\t\t<\/div>\n\t\t","protected":false},"excerpt":{"rendered":"<p>Cart\u00f5es para familiares Seus familiares tamb\u00e9m poder\u00e3o participar do Clube de Descontos e ter acesso aos descontos das empresas credenciadas. Basta entrar em contato com a sua institui\u00e7\u00e3o e fazer a solicita\u00e7\u00e3o. Como o cart\u00e3o \u00e9 virtual (via app), a sua solicita\u00e7\u00e3o \u00e9 processada na hora. Caso sua institui\u00e7\u00e3o n\u00e3o forne\u00e7a esse benef\u00edcio para dependentes e familiares, entre em contato com a ALL SUL. Vale ressaltar que, neste caso, o cart\u00e3o solicitado \u00e0 ALL SUL ter\u00e1 uma taxa de inscri\u00e7\u00e3o.<\/p>\n","protected":false},"author":1,"featured_media":0,"parent":0,"menu_order":0,"comment_status":"closed","ping_status":"closed","template":"","meta":{"om_disable_all_campaigns":false,"_monsterinsights_skip_tracking":false,"_monsterinsights_sitenote_active":false,"_monsterinsights_sitenote_note":"","_monsterinsights_sitenote_category":0,"footnotes":""},"class_list":["post-28","page","type-page","status-publish"],"aioseo_notices":[],"_links":{"self":[{"href":"https:\/\/allsul.com.br\/livre\/wp-json\/wp\/v2\/pages\/28","targetHints":{"allow":["GET"]}}],"collection":[{"href":"https:\/\/allsul.com.br\/livre\/wp-json\/wp\/v2\/pages"}],"about":[{"href":"https:\/\/allsul.com.br\/livre\/wp-json\/wp\/v2\/types\/page"}],"author":[{"embeddable":true,"href":"https:\/\/allsul.com.br\/livre\/wp-json\/wp\/v2\/users\/1"}],"replies":[{"embeddable":true,"href":"https:\/\/allsul.com.br\/livre\/wp-json\/wp\/v2\/comments?post=28"}],"version-history":[{"count":28,"href":"https:\/\/allsul.com.br\/livre\/wp-json\/wp\/v2\/pages\/28\/revisions"}],"predecessor-version":[{"id":2937,"href":"https:\/\/allsul.com.br\/livre\/wp-json\/wp\/v2\/pages\/28\/revisions\/2937"}],"wp:attachment":[{"href":"https:\/\/allsul.com.br\/livre\/wp-json\/wp\/v2\/media?parent=28"}],"curies":[{"name":"wp","href":"https:\/\/api.w.org\/{rel}","templated":true}]}}