{"id":2580,"date":"2025-04-29T00:51:16","date_gmt":"2025-04-29T00:51:16","guid":{"rendered":"https:\/\/allsul.com.br\/livre\/?page_id=2580"},"modified":"2026-03-24T18:35:56","modified_gmt":"2026-03-24T18:35:56","slug":"promocoes","status":"publish","type":"page","link":"https:\/\/allsul.com.br\/livre\/promocoes\/","title":{"rendered":"Promo\u00e7\u00f5es"},"content":{"rendered":"\t\t<div data-elementor-type=\"wp-page\" data-elementor-id=\"2580\" class=\"elementor elementor-2580\" data-elementor-post-type=\"page\">\n\t\t\t\t<div data-particle_enable=\"false\" data-particle-mobile-disabled=\"false\" class=\"elementor-element elementor-element-2987fe5 e-flex e-con-boxed wpr-particle-no wpr-jarallax-no wpr-parallax-no wpr-sticky-section-no wpr-equal-height-no e-con e-parent\" data-id=\"2987fe5\" data-element_type=\"container\" data-e-type=\"container\">\n\t\t\t\t\t<div class=\"e-con-inner\">\n\t\t<div data-particle_enable=\"false\" data-particle-mobile-disabled=\"false\" class=\"elementor-element elementor-element-64a9ddc e-con-full e-flex wpr-particle-no wpr-jarallax-no wpr-parallax-no wpr-sticky-section-no wpr-equal-height-no e-con e-child\" data-id=\"64a9ddc\" data-element_type=\"container\" data-e-type=\"container\">\n\t\t\t\t<div class=\"elementor-element elementor-element-9d0d01e elementor-position-left elementor-position-top elementor-vertical-align-top elementor-widget elementor-widget-image-box\" data-id=\"9d0d01e\" data-element_type=\"widget\" data-e-type=\"widget\" data-widget_type=\"image-box.default\">\n\t\t\t\t<div class=\"elementor-widget-container\">\n\t\t\t\t\t<div class=\"elementor-image-box-wrapper\"><figure class=\"elementor-image-box-img\"><img fetchpriority=\"high\" decoding=\"async\" width=\"400\" height=\"401\" src=\"https:\/\/allsul.com.br\/livre\/wp-content\/uploads\/2025\/06\/5-e1749839394581.jpeg\" class=\"attachment-full size-full wp-image-2887\" alt=\"\" \/><\/figure><div class=\"elementor-image-box-content\"><h3 class=\"elementor-image-box-title\">Informativo<\/h3><p class=\"elementor-image-box-description\">Prepare-se! <b>Seu Informe Semanal de Descontos<\/b> chegou com as melhores ofertas das nossas lojas online. <br>Este m\u00eas est\u00e1 imperd\u00edvel: aproveite promo\u00e7\u00f5es exclusivas em eletr\u00f4nicos, moda e muito mais. Aten\u00e7\u00e3o, pois estas ofertas t\u00eam <b>tempo limitado<\/b> e expiram nas pr\u00f3ximas semanas! <br>\nN\u00e3o perca a chance de economizar.<\/p><\/div><\/div>\t\t\t\t<\/div>\n\t\t\t\t<\/div>\n\t\t\t\t<\/div>\n\t\t\t\t\t<\/div>\n\t\t\t\t<\/div>\n\t\t<div data-particle_enable=\"false\" data-particle-mobile-disabled=\"false\" class=\"elementor-element elementor-element-0eebb19 e-flex e-con-boxed wpr-particle-no wpr-jarallax-no wpr-parallax-no wpr-sticky-section-no wpr-equal-height-no e-con e-parent\" data-id=\"0eebb19\" data-element_type=\"container\" data-e-type=\"container\">\n\t\t\t\t\t<div class=\"e-con-inner\">\n\t\t<div data-particle_enable=\"false\" data-particle-mobile-disabled=\"false\" class=\"elementor-element elementor-element-fa7347a e-con-full e-flex wpr-particle-no wpr-jarallax-no wpr-parallax-no wpr-sticky-section-no wpr-equal-height-no e-con e-child\" data-id=\"fa7347a\" data-element_type=\"container\" data-e-type=\"container\">\n\t\t\t\t<div class=\"elementor-element elementor-element-fe92e3a elementor-widget elementor-widget-heading\" data-id=\"fe92e3a\" data-element_type=\"widget\" data-e-type=\"widget\" data-widget_type=\"heading.default\">\n\t\t\t\t<div class=\"elementor-widget-container\">\n\t\t\t\t\t<h2 class=\"elementor-heading-title elementor-size-default\">ATEN\u00c7\u00c3O<\/h2>\t\t\t\t<\/div>\n\t\t\t\t<\/div>\n\t\t\t\t<div class=\"elementor-element elementor-element-4cc0d43 elementor-widget-divider--view-line elementor-widget elementor-widget-divider\" data-id=\"4cc0d43\" data-element_type=\"widget\" data-e-type=\"widget\" data-widget_type=\"divider.default\">\n\t\t\t\t<div class=\"elementor-widget-container\">\n\t\t\t\t\t\t\t<div class=\"elementor-divider\">\n\t\t\t<span class=\"elementor-divider-separator\">\n\t\t\t\t\t\t<\/span>\n\t\t<\/div>\n\t\t\t\t\t\t<\/div>\n\t\t\t\t<\/div>\n\t\t\t\t<div class=\"elementor-element elementor-element-b8c8c89 elementor-widget elementor-widget-text-editor\" data-id=\"b8c8c89\" data-element_type=\"widget\" data-e-type=\"widget\" data-widget_type=\"text-editor.default\">\n\t\t\t\t<div class=\"elementor-widget-container\">\n\t\t\t\t\t\t\t\t\t<table width=\"0\"><tbody><tr><td><p><strong>Marcas<\/strong><\/p><\/td><td><p><strong>Ofertas <\/strong><\/p><\/td><td><p><strong>Vig\u00eancia<\/strong><\/p><\/td><\/tr><tr><td><p>Aliexpress<\/p><\/td><td><p>Anivers\u00e1rio AliExpress &#8211; produtos com at\u00e9 80% OFF<\/p><\/td><td><p>At\u00e9 25\/03<\/p><\/td><\/tr><tr><td rowspan=\"4\"><p>Canon<\/p><\/td><td><p>C\u00e2mera EOS R100 com Lente RF-S 18-45mm com R$600 OFF+ 3% OFF do cupom<\/p><\/td><td><p>At\u00e9 31\/03<\/p><\/td><\/tr><tr><td><p>Combo EOS R100 + 2 lentes com R$600 OFF + 3% do cupom<\/p><\/td><td><p>At\u00e9 31\/03<\/p><\/td><\/tr><tr><td><p>EOS R100 com Lente RF-S 18-45mm + Adaptador RF para lentes com R$1279<\/p><\/td><td><p>At\u00e9 31\/03<\/p><\/td><\/tr><tr><td><p>Semana do Consumidor: produtos com at\u00e9 30% OFF + 3% da parceria<\/p><\/td><td><p>At\u00e9 31\/03<\/p><\/td><\/tr><tr><td rowspan=\"2\"><p>Casas Bahia<\/p><\/td><td><p>Garanta at\u00e9 10% de desconto nos itens da cole\u00e7\u00e3o<\/p><\/td><td><p>At\u00e9 31\/03<\/p><\/td><\/tr><tr><td><p>At\u00e9 12% OFF em sele\u00e7\u00e3o de produtos<\/p><\/td><td><p>At\u00e9 31\/03<\/p><\/td><\/tr><tr><td rowspan=\"4\"><p>Centauro<\/p><\/td><td><p>Malas Nike com at\u00e9 30% OFF<\/p><\/td><td><p>At\u00e9 25\/03<\/p><\/td><\/tr><tr><td><p>Sele\u00e7\u00e3o de futebol com at\u00e9 50% OFF<\/p><\/td><td><p>At\u00e9 25\/03<\/p><\/td><\/tr><tr><td><p>Camisetas da Nike por at\u00e9 R$199<\/p><\/td><td><p>At\u00e9 25\/03<\/p><\/td><\/tr><tr><td><p>Sele\u00e7\u00e3o da Nike por at\u00e9 R$199<\/p><\/td><td><p>At\u00e9 25\/03<\/p><\/td><\/tr><tr><td><p>Cestas Michelli<\/p><\/td><td><p>Sabores da P\u00e1scoa a partir de R$59,90 + 15% OFF<\/p><\/td><td><p>At\u00e9 06\/04<\/p><\/td><\/tr><tr><td>\u00a0<\/td><td><p>At\u00e9 35% OFF em sele\u00e7\u00e3o de eletrodom\u00e9sticos<\/p><\/td><td><p>02\/03 at\u00e9 31\/03<\/p><\/td><\/tr><tr><td rowspan=\"3\"><p>Compra Certa<\/p><\/td><td><p>M\u00eas do consumidor: R$100 OFF nas suas compras!<\/p><\/td><td><p>At\u00e9 31\/03<\/p><\/td><\/tr><tr><td><p>M\u00eas do consumidor: R$200 OFF nas suas compras!<\/p><\/td><td><p>At\u00e9 31\/03<\/p><\/td><\/tr><tr><td><p>M\u00eas do consumidor: R$300 OFF nas suas compras!<\/p><\/td><td><p>At\u00e9 31\/03<\/p><\/td><\/tr><tr><td><p>Evino<\/p><\/td><td><p>Ganhe 25% OFF em compras acima de R$250!<\/p><\/td><td><p>17\/03 at\u00e9 31\/03<\/p><\/td><\/tr><tr><td><p>Giuliana Flores<\/p><\/td><td><p>Presentes de P\u00e1scoa a partir de R$59,90 + 15% OFF<\/p><\/td><td><p>At\u00e9 06\/04<\/p><\/td><\/tr><tr><td><p>Hering<\/p><\/td><td><p>M\u00eas da Mulher com 25% OFF em sele\u00e7\u00e3o feminina<\/p><\/td><td><p>At\u00e9 31\/03<\/p><\/td><\/tr><tr><td><p>Jequiti<\/p><\/td><td><p>Cole\u00e7\u00e3o Star Wars com 15% de desconto!<\/p><\/td><td><p>At\u00e9 31\/03<\/p><\/td><\/tr><tr><td rowspan=\"5\"><p>LG<\/p><\/td><td><p>15% OFF em produtos selecionados!<\/p><\/td><td><p>At\u00e9 31\/03<\/p><\/td><\/tr><tr><td><p>10% OFF em produtos selecionados!<\/p><\/td><td><p>At\u00e9 31\/03<\/p><\/td><\/tr><tr><td><p>8% OFF em produtos selecionados!<\/p><\/td><td><p>At\u00e9 31\/03<\/p><\/td><\/tr><tr><td><p>7% OFF em sele\u00e7\u00e3o de produtos!<\/p><\/td><td><p>At\u00e9 31\/03<\/p><\/td><\/tr><tr><td><p>5% OFF em sele\u00e7\u00e3o de produtos!<\/p><\/td><td><p>At\u00e9 31\/03<\/p><\/td><\/tr><tr><td><p>Luckau<\/p><\/td><td><p>P\u00e1scoa com 21% OFF!<\/p><\/td><td><p>20\/02 at\u00e9 05\/04<\/p><\/td><\/tr><tr><td><p>Marcyn<\/p><\/td><td><p>Quinzena da Consumidora: descontos progressivos de at\u00e9 50% OFF!<\/p><\/td><td><p>De 16\/03 at\u00e9 31\/03<\/p><\/td><\/tr><tr><td><p>Nova Flor<\/p><\/td><td><p>Sabores da P\u00e1scoa a partir de R$59,90 + 15% OFF<\/p><\/td><td><p>At\u00e9 06\/04<\/p><\/td><\/tr><tr><td><p>Obotic\u00e1rio<\/p><\/td><td><p>Mimo + frete gr\u00e1tis em compras acima de R$119<\/p><\/td><td><p>At\u00e9 29\/03<\/p><\/td><\/tr><tr><td rowspan=\"3\"><p>Oc\u00e9ane<\/p><\/td><td><p>M\u00eas da Mulher com 3 Makes por apenas R$99<\/p><\/td><td><p>At\u00e9 31\/03<\/p><\/td><\/tr><tr><td><p>M\u00eas da Mulher: Leve 6 itens por R$180<\/p><\/td><td><p>At\u00e9 31\/03<\/p><\/td><\/tr><tr><td><p>Ganhe fronha de cetim + m\u00e1scara nas compras acima de R$ 199<\/p><\/td><td><p>At\u00e9 31\/03<\/p><\/td><\/tr><tr><td><p>Olympikus<\/p><\/td><td><p>M\u00eas do Consumidor: 20% OFF em sele\u00e7\u00e3o especial de cal\u00e7ados<\/p><\/td><td><p>At\u00e9 31\/03<\/p><\/td><\/tr><tr><td><p>Panasonic<\/p><\/td><td><p>M\u00eas do Consumidor: At\u00e9 30% de desconto + 5% de desconto<\/p><\/td><td><p>At\u00e9 31\/03<\/p><\/td><\/tr><tr><td rowspan=\"5\"><p>Renner<\/p><\/td><td><p>20% OFF em pijamas e moda \u00edntima<\/p><\/td><td><p>At\u00e9 30\/03<\/p><\/td><\/tr><tr><td><p>25% OFF em sele\u00e7\u00e3o de Jeans!<\/p><\/td><td><p>At\u00e9 30\/03<\/p><\/td><\/tr><tr><td><p>25% OFF em sele\u00e7\u00e3o de vestidos<\/p><\/td><td><p>At\u00e9 30\/03<\/p><\/td><\/tr><tr><td><p>15% OFF extra em sele\u00e7\u00e3o de sand\u00e1lias e rasteiras<\/p><\/td><td><p>At\u00e9 30\/03<\/p><\/td><\/tr><tr><td><p>25% OFF em moda infantil<\/p><\/td><td><p>At\u00e9 30\/03<\/p><\/td><\/tr><tr><td rowspan=\"2\"><p>Riachuelo<\/p><\/td><td><p>Carters: ganhe 30% OFF em compras acima de R$199<\/p><\/td><td><p>23\/03 at\u00e9 26\/03<\/p><\/td><\/tr><tr><td><p>M\u00eas da Beleza com at\u00e9 50% OFF em sele\u00e7\u00e3o de produtos<\/p><\/td><td><p>At\u00e9 31\/03<\/p><\/td><\/tr><tr><td><p>Sem Parar<\/p><\/td><td><p>91% OFF por 6 meses!<\/p><\/td><td><p>At\u00e9 31\/03<\/p><\/td><\/tr><\/tbody><\/table>\t\t\t\t\t\t\t\t<\/div>\n\t\t\t\t<\/div>\n\t\t\t\t<\/div>\n\t\t\t\t\t<\/div>\n\t\t\t\t<\/div>\n\t\t\t\t<\/div>\n\t\t","protected":false},"excerpt":{"rendered":"<p>Informativo Prepare-se! Seu Informe Semanal de Descontos chegou com as melhores ofertas das nossas lojas online. Este m\u00eas est\u00e1 imperd\u00edvel: aproveite promo\u00e7\u00f5es exclusivas em eletr\u00f4nicos, moda e muito mais. Aten\u00e7\u00e3o, pois estas ofertas t\u00eam tempo limitado e expiram nas pr\u00f3ximas semanas! N\u00e3o perca a chance de economizar. ATEN\u00c7\u00c3O Marcas Ofertas Vig\u00eancia Aliexpress Anivers\u00e1rio AliExpress &#8211; produtos com at\u00e9 80% OFF At\u00e9 25\/03 Canon C\u00e2mera EOS R100 com Lente RF-S 18-45mm com R$600 OFF+ 3% OFF do cupom At\u00e9 31\/03 Combo EOS R100 + 2 lentes com R$600 OFF + 3% do cupom At\u00e9 31\/03 EOS R100 com Lente RF-S 18-45mm + Adaptador RF para lentes com R$1279 At\u00e9 31\/03 Semana do Consumidor: produtos com at\u00e9 30% OFF + 3% da parceria At\u00e9 31\/03 Casas Bahia Garanta at\u00e9 10% de desconto nos itens da cole\u00e7\u00e3o At\u00e9 31\/03 At\u00e9 12% OFF em sele\u00e7\u00e3o de produtos At\u00e9 31\/03 Centauro Malas Nike com at\u00e9 30% OFF At\u00e9 25\/03 Sele\u00e7\u00e3o de futebol com at\u00e9 50% OFF At\u00e9 25\/03 Camisetas da Nike por at\u00e9 R$199 At\u00e9 25\/03 Sele\u00e7\u00e3o da Nike por at\u00e9 R$199 At\u00e9 25\/03 Cestas Michelli Sabores da P\u00e1scoa a partir de R$59,90 + 15% OFF At\u00e9 06\/04 \u00a0 At\u00e9 35% OFF em sele\u00e7\u00e3o de eletrodom\u00e9sticos 02\/03 at\u00e9 31\/03 Compra Certa M\u00eas do consumidor: R$100 OFF nas suas compras! At\u00e9 31\/03 M\u00eas do consumidor: R$200 OFF nas suas compras! At\u00e9 31\/03 M\u00eas do consumidor: R$300 OFF nas suas compras! At\u00e9 31\/03 Evino Ganhe 25% OFF em compras acima de R$250! 17\/03 at\u00e9 31\/03 Giuliana Flores Presentes de P\u00e1scoa a partir de R$59,90 + 15% OFF At\u00e9 06\/04 Hering M\u00eas da Mulher com 25% OFF em sele\u00e7\u00e3o feminina At\u00e9 31\/03 Jequiti Cole\u00e7\u00e3o Star Wars com 15% de desconto! At\u00e9 31\/03 LG 15% OFF em produtos selecionados! At\u00e9 31\/03 10% OFF em produtos selecionados! At\u00e9 31\/03 8% OFF em produtos selecionados! At\u00e9 31\/03 7% OFF em sele\u00e7\u00e3o de produtos! At\u00e9 31\/03 5% OFF em sele\u00e7\u00e3o de produtos! At\u00e9 31\/03 Luckau P\u00e1scoa com 21% OFF! 20\/02 at\u00e9 05\/04 Marcyn Quinzena da Consumidora: descontos progressivos de at\u00e9 50% OFF! De 16\/03 at\u00e9 31\/03 Nova Flor Sabores da P\u00e1scoa a partir de R$59,90 + 15% OFF At\u00e9 06\/04 Obotic\u00e1rio Mimo + frete gr\u00e1tis em compras acima de R$119 At\u00e9 29\/03 Oc\u00e9ane M\u00eas da Mulher com 3 Makes por apenas R$99 At\u00e9 31\/03 M\u00eas da Mulher: Leve 6 itens por R$180 At\u00e9 31\/03 Ganhe fronha de cetim + m\u00e1scara nas compras acima de R$ 199 At\u00e9 31\/03 Olympikus M\u00eas do Consumidor: 20% OFF em sele\u00e7\u00e3o especial de cal\u00e7ados At\u00e9 31\/03 Panasonic M\u00eas do Consumidor: At\u00e9 30% de desconto + 5% de desconto At\u00e9 31\/03 Renner 20% OFF em pijamas e moda \u00edntima At\u00e9 30\/03 25% OFF em sele\u00e7\u00e3o de Jeans! At\u00e9 30\/03 25% OFF em sele\u00e7\u00e3o de vestidos At\u00e9 30\/03 15% OFF extra em sele\u00e7\u00e3o de sand\u00e1lias e rasteiras At\u00e9 30\/03 25% OFF em moda infantil At\u00e9 30\/03 Riachuelo Carters: ganhe 30% OFF em compras acima de R$199 23\/03 at\u00e9 26\/03 M\u00eas da Beleza com at\u00e9 50% OFF em sele\u00e7\u00e3o de produtos At\u00e9 31\/03 Sem Parar 91% OFF por 6 meses! At\u00e9 31\/03<\/p>\n","protected":false},"author":1,"featured_media":0,"parent":0,"menu_order":0,"comment_status":"closed","ping_status":"closed","template":"elementor_header_footer","meta":{"om_disable_all_campaigns":false,"_monsterinsights_skip_tracking":false,"_monsterinsights_sitenote_active":false,"_monsterinsights_sitenote_note":"","_monsterinsights_sitenote_category":0,"footnotes":""},"class_list":["post-2580","page","type-page","status-publish"],"aioseo_notices":[],"_links":{"self":[{"href":"https:\/\/allsul.com.br\/livre\/wp-json\/wp\/v2\/pages\/2580","targetHints":{"allow":["GET"]}}],"collection":[{"href":"https:\/\/allsul.com.br\/livre\/wp-json\/wp\/v2\/pages"}],"about":[{"href":"https:\/\/allsul.com.br\/livre\/wp-json\/wp\/v2\/types\/page"}],"author":[{"embeddable":true,"href":"https:\/\/allsul.com.br\/livre\/wp-json\/wp\/v2\/users\/1"}],"replies":[{"embeddable":true,"href":"https:\/\/allsul.com.br\/livre\/wp-json\/wp\/v2\/comments?post=2580"}],"version-history":[{"count":166,"href":"https:\/\/allsul.com.br\/livre\/wp-json\/wp\/v2\/pages\/2580\/revisions"}],"predecessor-version":[{"id":3253,"href":"https:\/\/allsul.com.br\/livre\/wp-json\/wp\/v2\/pages\/2580\/revisions\/3253"}],"wp:attachment":[{"href":"https:\/\/allsul.com.br\/livre\/wp-json\/wp\/v2\/media?parent=2580"}],"curies":[{"name":"wp","href":"https:\/\/api.w.org\/{rel}","templated":true}]}}