{"id":2269,"date":"2024-12-10T23:06:12","date_gmt":"2024-12-10T23:06:12","guid":{"rendered":"https:\/\/allsul.com.br\/livre\/?page_id=2269"},"modified":"2025-03-10T15:10:18","modified_gmt":"2025-03-10T15:10:18","slug":"shoppe","status":"publish","type":"page","link":"https:\/\/allsul.com.br\/livre\/shoppe\/","title":{"rendered":"Shoppe"},"content":{"rendered":"\t\t<div data-elementor-type=\"wp-page\" data-elementor-id=\"2269\" class=\"elementor elementor-2269\" data-elementor-post-type=\"page\">\n\t\t\t\t\t\t<section data-particle_enable=\"false\" data-particle-mobile-disabled=\"false\" class=\"elementor-section elementor-top-section elementor-element elementor-element-54fccb0 elementor-section-boxed elementor-section-height-default elementor-section-height-default wpr-particle-no wpr-jarallax-no wpr-parallax-no wpr-sticky-section-no wpr-equal-height-no\" data-id=\"54fccb0\" data-element_type=\"section\" data-e-type=\"section\">\n\t\t\t\t\t\t<div class=\"elementor-container elementor-column-gap-default\">\n\t\t\t\t\t<div class=\"elementor-column elementor-col-100 elementor-top-column elementor-element elementor-element-0212722\" data-id=\"0212722\" data-element_type=\"column\" data-e-type=\"column\">\n\t\t\t<div class=\"elementor-widget-wrap elementor-element-populated\">\n\t\t\t\t\t\t<div class=\"elementor-element elementor-element-29093de elementor-position-left elementor-vertical-align-top elementor-widget elementor-widget-image-box\" data-id=\"29093de\" data-element_type=\"widget\" data-e-type=\"widget\" data-widget_type=\"image-box.default\">\n\t\t\t\t<div class=\"elementor-widget-container\">\n\t\t\t\t\t<div class=\"elementor-image-box-wrapper\"><figure class=\"elementor-image-box-img\"><img fetchpriority=\"high\" decoding=\"async\" width=\"188\" height=\"268\" src=\"https:\/\/allsul.com.br\/livre\/wp-content\/uploads\/2025\/03\/shoppe.png\" class=\"attachment-full size-full wp-image-2511\" alt=\"\" \/><\/figure><div class=\"elementor-image-box-content\"><h3 class=\"elementor-image-box-title\">Shopee<\/h3><p class=\"elementor-image-box-description\">Descubra promo\u00e7\u00f5es e descontos por tempo limitado de diversas lojas. Visite-nos regularmente para ficar por dentro das novidades e n\u00e3o perder nenhuma oferta! ATEN\u00c7\u00c3O: Essas condi\u00e7\u00f5es s\u00e3o somente divulgadas no nosso canal no whastapp.<\/p><\/div><\/div>\t\t\t\t<\/div>\n\t\t\t\t<\/div>\n\t\t\t\t<div class=\"elementor-element elementor-element-ecae457 elementor-widget elementor-widget-text-editor\" data-id=\"ecae457\" data-element_type=\"widget\" data-e-type=\"widget\" data-widget_type=\"text-editor.default\">\n\t\t\t\t<div class=\"elementor-widget-container\">\n\t\t\t\t\t\t\t\t\t<p><strong>Aten\u00e7\u00e3o:<\/strong> Para uma melhor visualiza\u00e7\u00e3o, retiramos os cupons r\u00e1pidos e os inserimos no <em>Guia de Conv\u00eanios<\/em>.<br \/>Voc\u00ea tamb\u00e9m poder\u00e1 acompanhar esses cupons em nosso canal do <strong>WhatsApp<\/strong>: <a href=\"https:\/\/whatsapp.com\/channel\/0029VaXWv5JB4hdTj4wFXh1B\">clique aqui para entrar<\/a><\/p>\t\t\t\t\t\t\t\t<\/div>\n\t\t\t\t<\/div>\n\t\t\t\t\t<\/div>\n\t\t<\/div>\n\t\t\t\t\t<\/div>\n\t\t<\/section>\n\t\t\t\t<\/div>\n\t\t","protected":false},"excerpt":{"rendered":"<p>Shopee Descubra promo\u00e7\u00f5es e descontos por tempo limitado de diversas lojas. Visite-nos regularmente para ficar por dentro das novidades e n\u00e3o perder nenhuma oferta! ATEN\u00c7\u00c3O: Essas condi\u00e7\u00f5es s\u00e3o somente divulgadas no nosso canal no whastapp. Aten\u00e7\u00e3o: Para uma melhor visualiza\u00e7\u00e3o, retiramos os cupons r\u00e1pidos e os inserimos no Guia de Conv\u00eanios.Voc\u00ea tamb\u00e9m poder\u00e1 acompanhar esses cupons em nosso canal do WhatsApp: clique aqui para entrar<\/p>\n","protected":false},"author":1,"featured_media":0,"parent":0,"menu_order":0,"comment_status":"closed","ping_status":"closed","template":"","meta":{"om_disable_all_campaigns":false,"_monsterinsights_skip_tracking":false,"_monsterinsights_sitenote_active":false,"_monsterinsights_sitenote_note":"","_monsterinsights_sitenote_category":0,"footnotes":""},"class_list":["post-2269","page","type-page","status-publish"],"aioseo_notices":[],"_links":{"self":[{"href":"https:\/\/allsul.com.br\/livre\/wp-json\/wp\/v2\/pages\/2269","targetHints":{"allow":["GET"]}}],"collection":[{"href":"https:\/\/allsul.com.br\/livre\/wp-json\/wp\/v2\/pages"}],"about":[{"href":"https:\/\/allsul.com.br\/livre\/wp-json\/wp\/v2\/types\/page"}],"author":[{"embeddable":true,"href":"https:\/\/allsul.com.br\/livre\/wp-json\/wp\/v2\/users\/1"}],"replies":[{"embeddable":true,"href":"https:\/\/allsul.com.br\/livre\/wp-json\/wp\/v2\/comments?post=2269"}],"version-history":[{"count":10,"href":"https:\/\/allsul.com.br\/livre\/wp-json\/wp\/v2\/pages\/2269\/revisions"}],"predecessor-version":[{"id":2515,"href":"https:\/\/allsul.com.br\/livre\/wp-json\/wp\/v2\/pages\/2269\/revisions\/2515"}],"wp:attachment":[{"href":"https:\/\/allsul.com.br\/livre\/wp-json\/wp\/v2\/media?parent=2269"}],"curies":[{"name":"wp","href":"https:\/\/api.w.org\/{rel}","templated":true}]}}