{"id":2221,"date":"2024-12-04T22:31:19","date_gmt":"2024-12-04T22:31:19","guid":{"rendered":"https:\/\/allsul.com.br\/livre\/?page_id=2221"},"modified":"2025-03-10T15:02:55","modified_gmt":"2025-03-10T15:02:55","slug":"cupons-mercado-livre","status":"publish","type":"page","link":"https:\/\/allsul.com.br\/livre\/cupons-mercado-livre\/","title":{"rendered":"Cupons Mercado Livre"},"content":{"rendered":"\t\t<div data-elementor-type=\"wp-page\" data-elementor-id=\"2221\" class=\"elementor elementor-2221\" data-elementor-post-type=\"page\">\n\t\t\t\t\t\t<section data-particle_enable=\"false\" data-particle-mobile-disabled=\"false\" class=\"elementor-section elementor-top-section elementor-element elementor-element-131a4a5 elementor-section-boxed elementor-section-height-default elementor-section-height-default wpr-particle-no wpr-jarallax-no wpr-parallax-no wpr-sticky-section-no wpr-equal-height-no\" data-id=\"131a4a5\" data-element_type=\"section\" data-e-type=\"section\">\n\t\t\t\t\t\t<div class=\"elementor-container elementor-column-gap-default\">\n\t\t\t\t\t<div class=\"elementor-column elementor-col-100 elementor-top-column elementor-element elementor-element-1eafe94\" data-id=\"1eafe94\" data-element_type=\"column\" data-e-type=\"column\">\n\t\t\t<div class=\"elementor-widget-wrap elementor-element-populated\">\n\t\t\t\t\t\t<div class=\"elementor-element elementor-element-cbebef2 elementor-widget elementor-widget-spacer\" data-id=\"cbebef2\" data-element_type=\"widget\" data-e-type=\"widget\" data-widget_type=\"spacer.default\">\n\t\t\t\t<div class=\"elementor-widget-container\">\n\t\t\t\t\t\t\t<div class=\"elementor-spacer\">\n\t\t\t<div class=\"elementor-spacer-inner\"><\/div>\n\t\t<\/div>\n\t\t\t\t\t\t<\/div>\n\t\t\t\t<\/div>\n\t\t\t\t<div class=\"elementor-element elementor-element-36f0943 elementor-position-left elementor-vertical-align-top elementor-widget elementor-widget-image-box\" data-id=\"36f0943\" data-element_type=\"widget\" data-e-type=\"widget\" data-widget_type=\"image-box.default\">\n\t\t\t\t<div class=\"elementor-widget-container\">\n\t\t\t\t\t<div class=\"elementor-image-box-wrapper\"><figure class=\"elementor-image-box-img\"><a href=\"https:\/\/mercadolivre.com\/sec\/1RnTWTc\" tabindex=\"-1\"><img fetchpriority=\"high\" decoding=\"async\" width=\"505\" height=\"350\" src=\"https:\/\/allsul.com.br\/livre\/wp-content\/uploads\/2025\/02\/mercadolivr.jpg\" class=\"attachment-full size-full wp-image-2456\" alt=\"\" srcset=\"https:\/\/allsul.com.br\/livre\/wp-content\/uploads\/2025\/02\/mercadolivr.jpg 505w, https:\/\/allsul.com.br\/livre\/wp-content\/uploads\/2025\/02\/mercadolivr-300x208.jpg 300w\" sizes=\"(max-width: 505px) 100vw, 505px\" \/><\/a><\/figure><div class=\"elementor-image-box-content\"><h3 class=\"elementor-image-box-title\"><a href=\"https:\/\/mercadolivre.com\/sec\/1RnTWTc\">Cupom de Desconto Mercado Livre<\/a><\/h3><p class=\"elementor-image-box-description\">Descubra promo\u00e7\u00f5es e descontos por tempo limitado de diversas lojas. Visite-nos regularmente para ficar por dentro das novidades e n\u00e3o perder nenhuma oferta! <br>ATEN\u00c7\u00c3O: Essas condi\u00e7\u00f5es s\u00e3o somente divulgadas no  nosso canal no whastapp.<\/p><\/div><\/div>\t\t\t\t<\/div>\n\t\t\t\t<\/div>\n\t\t\t\t<div class=\"elementor-element elementor-element-c507971 elementor-widget elementor-widget-text-editor\" data-id=\"c507971\" data-element_type=\"widget\" data-e-type=\"widget\" data-widget_type=\"text-editor.default\">\n\t\t\t\t<div class=\"elementor-widget-container\">\n\t\t\t\t\t\t\t\t\t<p><strong>Aten\u00e7\u00e3o:<\/strong>\u00a0Para uma melhor visualiza\u00e7\u00e3o, retiramos os cupons r\u00e1pidos e os inserimos no\u00a0<em>Guia de Conv\u00eanios<\/em>.<br \/>Voc\u00ea tamb\u00e9m poder\u00e1 acompanhar esses cupons em nosso canal do\u00a0<strong>WhatsApp<\/strong>:\u00a0<a href=\"https:\/\/whatsapp.com\/channel\/0029VaXWv5JB4hdTj4wFXh1B\">clique aqui para entrar<\/a><\/p>\t\t\t\t\t\t\t\t<\/div>\n\t\t\t\t<\/div>\n\t\t\t\t<div class=\"elementor-element elementor-element-a3bc3a7 elementor-widget elementor-widget-spacer\" data-id=\"a3bc3a7\" data-element_type=\"widget\" data-e-type=\"widget\" data-widget_type=\"spacer.default\">\n\t\t\t\t<div class=\"elementor-widget-container\">\n\t\t\t\t\t\t\t<div class=\"elementor-spacer\">\n\t\t\t<div class=\"elementor-spacer-inner\"><\/div>\n\t\t<\/div>\n\t\t\t\t\t\t<\/div>\n\t\t\t\t<\/div>\n\t\t\t\t\t<\/div>\n\t\t<\/div>\n\t\t\t\t\t<\/div>\n\t\t<\/section>\n\t\t\t\t<\/div>\n\t\t","protected":false},"excerpt":{"rendered":"<p>Cupom de Desconto Mercado Livre Descubra promo\u00e7\u00f5es e descontos por tempo limitado de diversas lojas. Visite-nos regularmente para ficar por dentro das novidades e n\u00e3o perder nenhuma oferta! ATEN\u00c7\u00c3O: Essas condi\u00e7\u00f5es s\u00e3o somente divulgadas no nosso canal no whastapp. Aten\u00e7\u00e3o:\u00a0Para uma melhor visualiza\u00e7\u00e3o, retiramos os cupons r\u00e1pidos e os inserimos no\u00a0Guia de Conv\u00eanios.Voc\u00ea tamb\u00e9m poder\u00e1 acompanhar esses cupons em nosso canal do\u00a0WhatsApp:\u00a0clique aqui para entrar<\/p>\n","protected":false},"author":1,"featured_media":0,"parent":0,"menu_order":0,"comment_status":"closed","ping_status":"closed","template":"","meta":{"om_disable_all_campaigns":false,"_monsterinsights_skip_tracking":false,"_monsterinsights_sitenote_active":false,"_monsterinsights_sitenote_note":"","_monsterinsights_sitenote_category":0,"footnotes":""},"class_list":["post-2221","page","type-page","status-publish"],"aioseo_notices":[],"_links":{"self":[{"href":"https:\/\/allsul.com.br\/livre\/wp-json\/wp\/v2\/pages\/2221","targetHints":{"allow":["GET"]}}],"collection":[{"href":"https:\/\/allsul.com.br\/livre\/wp-json\/wp\/v2\/pages"}],"about":[{"href":"https:\/\/allsul.com.br\/livre\/wp-json\/wp\/v2\/types\/page"}],"author":[{"embeddable":true,"href":"https:\/\/allsul.com.br\/livre\/wp-json\/wp\/v2\/users\/1"}],"replies":[{"embeddable":true,"href":"https:\/\/allsul.com.br\/livre\/wp-json\/wp\/v2\/comments?post=2221"}],"version-history":[{"count":50,"href":"https:\/\/allsul.com.br\/livre\/wp-json\/wp\/v2\/pages\/2221\/revisions"}],"predecessor-version":[{"id":2519,"href":"https:\/\/allsul.com.br\/livre\/wp-json\/wp\/v2\/pages\/2221\/revisions\/2519"}],"wp:attachment":[{"href":"https:\/\/allsul.com.br\/livre\/wp-json\/wp\/v2\/media?parent=2221"}],"curies":[{"name":"wp","href":"https:\/\/api.w.org\/{rel}","templated":true}]}}