{"id":22,"date":"2022-11-08T20:44:41","date_gmt":"2022-11-08T20:44:41","guid":{"rendered":"https:\/\/allsul.com.br\/livre\/?page_id=22"},"modified":"2025-07-08T00:02:34","modified_gmt":"2025-07-08T00:02:34","slug":"normas-para-faculdade","status":"publish","type":"page","link":"https:\/\/allsul.com.br\/livre\/normas-para-faculdade\/","title":{"rendered":"Normas para Faculdade"},"content":{"rendered":"\t\t<div data-elementor-type=\"wp-page\" data-elementor-id=\"22\" class=\"elementor elementor-22\" data-elementor-post-type=\"page\">\n\t\t\t\t\t\t<section data-particle_enable=\"false\" data-particle-mobile-disabled=\"false\" class=\"elementor-section elementor-top-section elementor-element elementor-element-89f4cb9 elementor-section-boxed elementor-section-height-default elementor-section-height-default wpr-particle-no wpr-jarallax-no wpr-parallax-no wpr-sticky-section-no wpr-equal-height-no\" data-id=\"89f4cb9\" data-element_type=\"section\" data-e-type=\"section\">\n\t\t\t\t\t\t<div class=\"elementor-container elementor-column-gap-default\">\n\t\t\t\t\t<div class=\"elementor-column elementor-col-100 elementor-top-column elementor-element elementor-element-ffc0b7b\" data-id=\"ffc0b7b\" data-element_type=\"column\" data-e-type=\"column\">\n\t\t\t<div class=\"elementor-widget-wrap elementor-element-populated\">\n\t\t\t\t\t\t<div class=\"elementor-element elementor-element-3a03411 elementor-position-left elementor-position-left elementor-vertical-align-top elementor-widget elementor-widget-image-box\" data-id=\"3a03411\" data-element_type=\"widget\" data-e-type=\"widget\" data-widget_type=\"image-box.default\">\n\t\t\t\t<div class=\"elementor-widget-container\">\n\t\t\t\t\t<div class=\"elementor-image-box-wrapper\"><figure class=\"elementor-image-box-img\"><img fetchpriority=\"high\" decoding=\"async\" width=\"300\" height=\"300\" src=\"https:\/\/allsul.com.br\/livre\/wp-content\/uploads\/2025\/07\/mao_normas-e1751932280548.png\" class=\"attachment-full size-full wp-image-2939\" alt=\"\" \/><\/figure><div class=\"elementor-image-box-content\"><h3 class=\"elementor-image-box-title\">Regras e Normas<\/h3><p class=\"elementor-image-box-description\">1. Os descontos somente ser\u00e3o concedidos para usu\u00e1rios em posse do seu Cart\u00e3o de Descontos dentro da validade;\n<br>2. Algumas faculdades concedem somente para novos estudantes\/novas matr\u00edculas e somente titulares;\n<br>3. Somente ser\u00e1 fornecido o benef\u00edcio se o Cart\u00e3o de Descontos tiver no m\u00ednimo 60 dias para o t\u00e9rmino da validade;\n<br>4. Os certificados ser\u00e3o emitidos na hora, desde que o seu cart\u00e3o de descontos esteja na validade com no m\u00ednimo 60 dias a vencer;\n<br>5. Para os dependentes obterem os descontos dever\u00e3o ser usu\u00e1rios em posse do pr\u00f3prio Cart\u00e3o de Descontos, ou seja, o titular do cart\u00e3o n\u00e3o poder\u00e1 emprestar para os dependentes;\n<br>6. Os usu\u00e1rios para receberem os descontos dever\u00e3o apresentar junto \u00e0 faculdade os seguintes documentos: Declara\u00e7\u00e3o de Descontos e Cart\u00e3o de Descontos;\n<br>7. A entrega dos documentos ser\u00e1 realizada no setor direcionado da institui\u00e7\u00e3o para o conv\u00eanio, para mais informa\u00e7\u00f5es solicite o contato que est\u00e1 em cada anuncio, pois outros funcion\u00e1rios poder\u00e3o n\u00e3o saber do desconto;\n<br>8. Para os usu\u00e1rios receberem o desconto respectivo de cada m\u00eas dever\u00e1 o pagamento ser pontual com data estabelecida pela institui\u00e7\u00e3o, o n\u00e3o pagamento na data perde-se o direito do desconto do m\u00eas;\n<br>9. Os descontos anunciados n\u00e3o s\u00e3o retroativos as mensalidades j\u00e1 pagas sob qualquer hip\u00f3tese;\n<br>10. Os descontos anunciados n\u00e3o s\u00e3o cumulativos com outros descontos e\/ou promo\u00e7\u00f5es, e os descontos n\u00e3o ser\u00e3o v\u00e1lidos para qualquer outra atividade da institui\u00e7\u00e3o (taxas escolares e atividades extracurriculares);\n<br>11. Os descontos se incidir\u00e3o para pagamentos ap\u00f3s a segunda mensalidade, ou seja, n\u00e3o sendo v\u00e1lido apara o pagamento de inscri\u00e7\u00e3o de matr\u00edcula ou rematr\u00edcula*;\n<br>12. Os descontos ser\u00e3o fornecidos mediante nos requerimentos semestrais*;\n<br>13. O usu\u00e1rio se compromete a seguir o regulamento de cada institui\u00e7\u00e3o, sob pena da perda do desconto e poss\u00edveis sans\u00f5es da institui\u00e7\u00e3o;\nAten\u00e7\u00e3o:\n<br>14. Algumas institui\u00e7\u00f5es apresentam restri\u00e7\u00f5es onde o desconto n\u00e3o \u00e9 v\u00e1lido para dependentes, cursos, quantidades m\u00ednima de alunos, data de validade do conv\u00eanio e outros, antes de se matricular entre em contato com a institui\u00e7\u00e3o desejada para se informar destas restri\u00e7\u00f5es e obter mais informa\u00e7\u00f5es se o seu perfil se enquadra para receber o benef\u00edcio;\n<br>15. Os descontos ser\u00e3o anulados nos seguintes casos:\n<br>16. Cart\u00f5es com datas vencidas;\n<br>17. Rescis\u00e3o do presente conv\u00eanio com a ALL SUL e a sua institui\u00e7\u00e3o;\n<br>18. Desligamento do usu\u00e1rio da institui\u00e7\u00e3o representativa em que faz parte;\n<br>19. Pagamento das parcelas ap\u00f3s ao seu vencimento*;\n<br>20. Reprova\u00e7\u00e3o em 25% das disciplinas cursadas no semestre anterior ensejar\u00e1 a perda do desconto para o semestre seguinte*;\n<br>21. Algumas faculdades exigem no m\u00ednimo 02 ou mais alunos, informe-se.<\/p><\/div><\/div>\t\t\t\t<\/div>\n\t\t\t\t<\/div>\n\t\t\t\t\t<\/div>\n\t\t<\/div>\n\t\t\t\t\t<\/div>\n\t\t<\/section>\n\t\t\t\t<\/div>\n\t\t","protected":false},"excerpt":{"rendered":"<p>Regras e Normas 1. Os descontos somente ser\u00e3o concedidos para usu\u00e1rios em posse do seu Cart\u00e3o de Descontos dentro da validade; 2. Algumas faculdades concedem somente para novos estudantes\/novas matr\u00edculas e somente titulares; 3. Somente ser\u00e1 fornecido o benef\u00edcio se o Cart\u00e3o de Descontos tiver no m\u00ednimo 60 dias para o t\u00e9rmino da validade; 4. Os certificados ser\u00e3o emitidos na hora, desde que o seu cart\u00e3o de descontos esteja na validade com no m\u00ednimo 60 dias a vencer; 5. Para os dependentes obterem os descontos dever\u00e3o ser usu\u00e1rios em posse do pr\u00f3prio Cart\u00e3o de Descontos, ou seja, o titular do cart\u00e3o n\u00e3o poder\u00e1 emprestar para os dependentes; 6. Os usu\u00e1rios para receberem os descontos dever\u00e3o apresentar junto \u00e0 faculdade os seguintes documentos: Declara\u00e7\u00e3o de Descontos e Cart\u00e3o de Descontos; 7. A entrega dos documentos ser\u00e1 realizada no setor direcionado da institui\u00e7\u00e3o para o conv\u00eanio, para mais informa\u00e7\u00f5es solicite o contato que est\u00e1 em cada anuncio, pois outros funcion\u00e1rios poder\u00e3o n\u00e3o saber do desconto; 8. Para os usu\u00e1rios receberem o desconto respectivo de cada m\u00eas dever\u00e1 o pagamento ser pontual com data estabelecida pela institui\u00e7\u00e3o, o n\u00e3o pagamento na data perde-se o direito do desconto do m\u00eas; 9. Os descontos anunciados n\u00e3o s\u00e3o retroativos as mensalidades j\u00e1 pagas sob qualquer hip\u00f3tese; 10. Os descontos anunciados n\u00e3o s\u00e3o cumulativos com outros descontos e\/ou promo\u00e7\u00f5es, e os descontos n\u00e3o ser\u00e3o v\u00e1lidos para qualquer outra atividade da institui\u00e7\u00e3o (taxas escolares e atividades extracurriculares); 11. Os descontos se incidir\u00e3o para pagamentos ap\u00f3s a segunda mensalidade, ou seja, n\u00e3o sendo v\u00e1lido apara o pagamento de inscri\u00e7\u00e3o de matr\u00edcula ou rematr\u00edcula*; 12. Os descontos ser\u00e3o fornecidos mediante nos requerimentos semestrais*; 13. O usu\u00e1rio se compromete a seguir o regulamento de cada institui\u00e7\u00e3o, sob pena da perda do desconto e poss\u00edveis sans\u00f5es da institui\u00e7\u00e3o; Aten\u00e7\u00e3o: 14. Algumas institui\u00e7\u00f5es apresentam restri\u00e7\u00f5es onde o desconto n\u00e3o \u00e9 v\u00e1lido para dependentes, cursos, quantidades m\u00ednima de alunos, data de validade do conv\u00eanio e outros, antes de se matricular entre em contato com a institui\u00e7\u00e3o desejada para se informar destas restri\u00e7\u00f5es e obter mais informa\u00e7\u00f5es se o seu perfil se enquadra para receber o benef\u00edcio; 15. Os descontos ser\u00e3o anulados nos seguintes casos: 16. Cart\u00f5es com datas vencidas; 17. Rescis\u00e3o do presente conv\u00eanio com a ALL SUL e a sua institui\u00e7\u00e3o; 18. Desligamento do usu\u00e1rio da institui\u00e7\u00e3o representativa em que faz parte; 19. Pagamento das parcelas ap\u00f3s ao seu vencimento*; 20. Reprova\u00e7\u00e3o em 25% das disciplinas cursadas no semestre anterior ensejar\u00e1 a perda do desconto para o semestre seguinte*; 21. Algumas faculdades exigem no m\u00ednimo 02 ou mais alunos, informe-se.<\/p>\n","protected":false},"author":1,"featured_media":0,"parent":0,"menu_order":0,"comment_status":"closed","ping_status":"closed","template":"","meta":{"om_disable_all_campaigns":false,"_monsterinsights_skip_tracking":false,"_monsterinsights_sitenote_active":false,"_monsterinsights_sitenote_note":"","_monsterinsights_sitenote_category":0,"footnotes":""},"class_list":["post-22","page","type-page","status-publish"],"aioseo_notices":[],"_links":{"self":[{"href":"https:\/\/allsul.com.br\/livre\/wp-json\/wp\/v2\/pages\/22","targetHints":{"allow":["GET"]}}],"collection":[{"href":"https:\/\/allsul.com.br\/livre\/wp-json\/wp\/v2\/pages"}],"about":[{"href":"https:\/\/allsul.com.br\/livre\/wp-json\/wp\/v2\/types\/page"}],"author":[{"embeddable":true,"href":"https:\/\/allsul.com.br\/livre\/wp-json\/wp\/v2\/users\/1"}],"replies":[{"embeddable":true,"href":"https:\/\/allsul.com.br\/livre\/wp-json\/wp\/v2\/comments?post=22"}],"version-history":[{"count":16,"href":"https:\/\/allsul.com.br\/livre\/wp-json\/wp\/v2\/pages\/22\/revisions"}],"predecessor-version":[{"id":2945,"href":"https:\/\/allsul.com.br\/livre\/wp-json\/wp\/v2\/pages\/22\/revisions\/2945"}],"wp:attachment":[{"href":"https:\/\/allsul.com.br\/livre\/wp-json\/wp\/v2\/media?parent=22"}],"curies":[{"name":"wp","href":"https:\/\/api.w.org\/{rel}","templated":true}]}}