{"id":209,"date":"2023-05-22T13:15:04","date_gmt":"2023-05-22T13:15:04","guid":{"rendered":"https:\/\/allsul.com.br\/livre\/?page_id=209"},"modified":"2025-07-07T16:31:59","modified_gmt":"2025-07-07T16:31:59","slug":"instale-seu-cartao","status":"publish","type":"page","link":"https:\/\/allsul.com.br\/livre\/instale-seu-cartao\/","title":{"rendered":"Instale seu Cart\u00e3o"},"content":{"rendered":"\t\t<div data-elementor-type=\"wp-page\" data-elementor-id=\"209\" class=\"elementor elementor-209\" data-elementor-post-type=\"page\">\n\t\t\t\t\t\t<section data-particle_enable=\"false\" data-particle-mobile-disabled=\"false\" class=\"elementor-section elementor-top-section elementor-element elementor-element-2a2e7ea elementor-section-boxed elementor-section-height-default elementor-section-height-default wpr-particle-no wpr-jarallax-no wpr-parallax-no wpr-sticky-section-no wpr-equal-height-no\" data-id=\"2a2e7ea\" data-element_type=\"section\" data-e-type=\"section\">\n\t\t\t\t\t\t<div class=\"elementor-container elementor-column-gap-default\">\n\t\t\t\t\t<div class=\"elementor-column elementor-col-100 elementor-top-column elementor-element elementor-element-10070b3\" data-id=\"10070b3\" data-element_type=\"column\" data-e-type=\"column\">\n\t\t\t<div class=\"elementor-widget-wrap elementor-element-populated\">\n\t\t\t\t\t\t<div class=\"elementor-element elementor-element-b843973 elementor-position-left elementor-position-left elementor-vertical-align-top elementor-vertical-align-top elementor-widget elementor-widget-image-box\" data-id=\"b843973\" data-element_type=\"widget\" data-e-type=\"widget\" data-widget_type=\"image-box.default\">\n\t\t\t\t<div class=\"elementor-widget-container\">\n\t\t\t\t\t<div class=\"elementor-image-box-wrapper\"><figure class=\"elementor-image-box-img\"><img fetchpriority=\"high\" decoding=\"async\" width=\"400\" height=\"401\" src=\"https:\/\/allsul.com.br\/livre\/wp-content\/uploads\/2025\/06\/5-e1749839394581.jpeg\" class=\"attachment-full size-full wp-image-2887\" alt=\"\" \/><\/figure><div class=\"elementor-image-box-content\"><h3 class=\"elementor-image-box-title\">Instalando a APP Clube<\/h3><p class=\"elementor-image-box-description\">No Seu Celular ou Pelo Link!\nVoc\u00ea pode instalar o Cart\u00e3o de Descontos direto no seu celular ou, se preferir, simplesmente acessar o link abaixo para us\u00e1-lo.\n\nNo aplicativo, voc\u00ea encontra o Guia de Conv\u00eanios completo, com a lista de todas as empresas parceiras e informa\u00e7\u00f5es sobre promo\u00e7\u00f5es.<br><br>\n\nPor\u00e9m, alguns servi\u00e7os exclusivos, como a solicita\u00e7\u00e3o de descontos em faculdades, reservas de hot\u00e9is, cupons r\u00e1pidos e as promo\u00e7\u00f5es-rel\u00e2mpago, est\u00e3o dispon\u00edveis apenas no site, na \u00e1rea VIP.<\/p><\/div><\/div>\t\t\t\t<\/div>\n\t\t\t\t<\/div>\n\t\t\t\t<div class=\"elementor-element elementor-element-fac0d9e elementor-widget elementor-widget-heading\" data-id=\"fac0d9e\" data-element_type=\"widget\" data-e-type=\"widget\" data-widget_type=\"heading.default\">\n\t\t\t\t<div class=\"elementor-widget-container\">\n\t\t\t\t\t<h2 class=\"elementor-heading-title elementor-size-default\">Procedimento:<\/h2>\t\t\t\t<\/div>\n\t\t\t\t<\/div>\n\t\t\t\t<div class=\"elementor-element elementor-element-eba4c88 elementor-widget elementor-widget-heading\" data-id=\"eba4c88\" data-element_type=\"widget\" data-e-type=\"widget\" data-widget_type=\"heading.default\">\n\t\t\t\t<div class=\"elementor-widget-container\">\n\t\t\t\t\t<h2 class=\"elementor-heading-title elementor-size-default\">Android<\/h2>\t\t\t\t<\/div>\n\t\t\t\t<\/div>\n\t\t\t\t<div class=\"elementor-element elementor-element-cf823de elementor-widget elementor-widget-text-editor\" data-id=\"cf823de\" data-element_type=\"widget\" data-e-type=\"widget\" data-widget_type=\"text-editor.default\">\n\t\t\t\t<div class=\"elementor-widget-container\">\n\t\t\t\t\t\t\t\t\t<section class=\"elementor-section elementor-top-section elementor-element elementor-element-03cfa12 elementor-section-boxed elementor-section-height-default elementor-section-height-default\" data-id=\"03cfa12\" data-element_type=\"section\"><div class=\"elementor-container elementor-column-gap-default\"><div class=\"elementor-column elementor-col-100 elementor-top-column elementor-element elementor-element-d182f51\" data-id=\"d182f51\" data-element_type=\"column\"><div class=\"elementor-widget-wrap elementor-element-populated\"><div class=\"elementor-element elementor-element-82d2a3f elementor-widget__width-initial elementor-widget elementor-widget-text-editor\" data-id=\"82d2a3f\" data-element_type=\"widget\" data-widget_type=\"text-editor.default\"><div class=\"elementor-widget-container\"><ol class=\"X5LH0c\"><li class=\"TrT0Xe\">No dispositivo\u00a0<b>Android<\/b>, abra o Chrome .<\/li><li class=\"TrT0Xe\">Acesse o site: <a href=\"https:\/\/mobile.allsul.com.br\">https:\/\/mobile.allsul.com.br<\/a> para <b>instalar<\/b>.<\/li><li class=\"TrT0Xe\">Toque em\u00a0<b>Instalar\u00a0<\/b>ou clique nos tr\u00eas pontinhos no alto e lado direito da tela e clique instalar.<\/li><li class=\"TrT0Xe\">Siga as instru\u00e7\u00f5es exibidas na tela.<\/li><\/ol><\/div><\/div><\/div><\/div><\/div><\/section>\t\t\t\t\t\t\t\t<\/div>\n\t\t\t\t<\/div>\n\t\t\t\t<div class=\"elementor-element elementor-element-5ea1aa8 elementor-widget elementor-widget-heading\" data-id=\"5ea1aa8\" data-element_type=\"widget\" data-e-type=\"widget\" data-widget_type=\"heading.default\">\n\t\t\t\t<div class=\"elementor-widget-container\">\n\t\t\t\t\t<h2 class=\"elementor-heading-title elementor-size-default\">IOS<\/h2>\t\t\t\t<\/div>\n\t\t\t\t<\/div>\n\t\t\t\t<div class=\"elementor-element elementor-element-40a3053 elementor-widget elementor-widget-text-editor\" data-id=\"40a3053\" data-element_type=\"widget\" data-e-type=\"widget\" data-widget_type=\"text-editor.default\">\n\t\t\t\t<div class=\"elementor-widget-container\">\n\t\t\t\t\t\t\t\t\t<section class=\"elementor-section elementor-top-section elementor-element elementor-element-03cfa12 elementor-section-boxed elementor-section-height-default elementor-section-height-default\" data-id=\"03cfa12\" data-element_type=\"section\"><div class=\"elementor-container elementor-column-gap-default\"><div class=\"elementor-column elementor-col-100 elementor-top-column elementor-element elementor-element-d182f51\" data-id=\"d182f51\" data-element_type=\"column\"><div class=\"elementor-widget-wrap elementor-element-populated\"><div class=\"elementor-element elementor-element-f9f3135 elementor-widget elementor-widget-text-editor\" data-id=\"f9f3135\" data-element_type=\"widget\" data-widget_type=\"text-editor.default\"><div class=\"elementor-widget-container\"><ol class=\"X5LH0c\"><li class=\"TrT0Xe\">Clique em: <a href=\"https:\/\/mobile.allsul.com.br\">https:\/\/mobile.allsul.com.br<\/a>\u00a0atrav\u00e9s do seu navegador Safari.<\/li><li class=\"TrT0Xe\">Toque no bot\u00e3o Baixar Agora.<\/li><li class=\"TrT0Xe\">Toque no bot\u00e3o\u00a0<b>Instalar<\/b>.<\/li><li class=\"TrT0Xe\">Toque em OK.<\/li><li>Siga as instru\u00e7\u00f5es exibidas na tela.<\/li><\/ol><\/div><\/div><\/div><\/div><\/div><\/section>\t\t\t\t\t\t\t\t<\/div>\n\t\t\t\t<\/div>\n\t\t\t\t\t<\/div>\n\t\t<\/div>\n\t\t\t\t\t<\/div>\n\t\t<\/section>\n\t\t\t\t<\/div>\n\t\t","protected":false},"excerpt":{"rendered":"<p>Instalando a APP Clube No Seu Celular ou Pelo Link! Voc\u00ea pode instalar o Cart\u00e3o de Descontos direto no seu celular ou, se preferir, simplesmente acessar o link abaixo para us\u00e1-lo. No aplicativo, voc\u00ea encontra o Guia de Conv\u00eanios completo, com a lista de todas as empresas parceiras e informa\u00e7\u00f5es sobre promo\u00e7\u00f5es. Por\u00e9m, alguns servi\u00e7os exclusivos, como a solicita\u00e7\u00e3o de descontos em faculdades, reservas de hot\u00e9is, cupons r\u00e1pidos e as promo\u00e7\u00f5es-rel\u00e2mpago, est\u00e3o dispon\u00edveis apenas no site, na \u00e1rea VIP. Procedimento: Android No dispositivo\u00a0Android, abra o Chrome . Acesse o site: https:\/\/mobile.allsul.com.br para instalar. Toque em\u00a0Instalar\u00a0ou clique nos tr\u00eas pontinhos no alto e lado direito da tela e clique instalar. Siga as instru\u00e7\u00f5es exibidas na tela. IOS Clique em: https:\/\/mobile.allsul.com.br\u00a0atrav\u00e9s do seu navegador Safari. Toque no bot\u00e3o Baixar Agora. Toque no bot\u00e3o\u00a0Instalar. Toque em OK. Siga as instru\u00e7\u00f5es exibidas na tela.<\/p>\n","protected":false},"author":1,"featured_media":0,"parent":0,"menu_order":0,"comment_status":"closed","ping_status":"closed","template":"","meta":{"om_disable_all_campaigns":false,"_monsterinsights_skip_tracking":false,"_monsterinsights_sitenote_active":false,"_monsterinsights_sitenote_note":"","_monsterinsights_sitenote_category":0,"footnotes":""},"class_list":["post-209","page","type-page","status-publish"],"aioseo_notices":[],"_links":{"self":[{"href":"https:\/\/allsul.com.br\/livre\/wp-json\/wp\/v2\/pages\/209","targetHints":{"allow":["GET"]}}],"collection":[{"href":"https:\/\/allsul.com.br\/livre\/wp-json\/wp\/v2\/pages"}],"about":[{"href":"https:\/\/allsul.com.br\/livre\/wp-json\/wp\/v2\/types\/page"}],"author":[{"embeddable":true,"href":"https:\/\/allsul.com.br\/livre\/wp-json\/wp\/v2\/users\/1"}],"replies":[{"embeddable":true,"href":"https:\/\/allsul.com.br\/livre\/wp-json\/wp\/v2\/comments?post=209"}],"version-history":[{"count":22,"href":"https:\/\/allsul.com.br\/livre\/wp-json\/wp\/v2\/pages\/209\/revisions"}],"predecessor-version":[{"id":2920,"href":"https:\/\/allsul.com.br\/livre\/wp-json\/wp\/v2\/pages\/209\/revisions\/2920"}],"wp:attachment":[{"href":"https:\/\/allsul.com.br\/livre\/wp-json\/wp\/v2\/media?parent=209"}],"curies":[{"name":"wp","href":"https:\/\/api.w.org\/{rel}","templated":true}]}}