{"id":20,"date":"2022-11-08T20:43:39","date_gmt":"2022-11-08T20:43:39","guid":{"rendered":"https:\/\/allsul.com.br\/livre\/?page_id=20"},"modified":"2025-07-08T00:57:58","modified_gmt":"2025-07-08T00:57:58","slug":"declaracao-de-descontos","status":"publish","type":"page","link":"https:\/\/allsul.com.br\/livre\/declaracao-de-descontos\/","title":{"rendered":"Declara\u00e7\u00e3o de Descontos"},"content":{"rendered":"\t\t<div data-elementor-type=\"wp-page\" data-elementor-id=\"20\" class=\"elementor elementor-20\" data-elementor-post-type=\"page\">\n\t\t\t\t\t\t<section data-particle_enable=\"false\" data-particle-mobile-disabled=\"false\" class=\"elementor-section elementor-top-section elementor-element elementor-element-d9e982b elementor-section-boxed elementor-section-height-default elementor-section-height-default wpr-particle-no wpr-jarallax-no wpr-parallax-no wpr-sticky-section-no wpr-equal-height-no\" data-id=\"d9e982b\" data-element_type=\"section\" data-e-type=\"section\">\n\t\t\t\t\t\t<div class=\"elementor-container elementor-column-gap-default\">\n\t\t\t\t\t<div class=\"elementor-column elementor-col-100 elementor-top-column elementor-element elementor-element-a6d9dff\" data-id=\"a6d9dff\" data-element_type=\"column\" data-e-type=\"column\">\n\t\t\t<div class=\"elementor-widget-wrap elementor-element-populated\">\n\t\t\t\t\t\t<div class=\"elementor-element elementor-element-50a94c9 elementor-position-left elementor-vertical-align-top elementor-widget elementor-widget-image-box\" data-id=\"50a94c9\" data-element_type=\"widget\" data-e-type=\"widget\" data-widget_type=\"image-box.default\">\n\t\t\t\t<div class=\"elementor-widget-container\">\n\t\t\t\t\t<div class=\"elementor-image-box-wrapper\"><figure class=\"elementor-image-box-img\"><img fetchpriority=\"high\" decoding=\"async\" width=\"300\" height=\"300\" src=\"https:\/\/allsul.com.br\/livre\/wp-content\/uploads\/2025\/07\/declaracao_faculdade-e1751935905201.png\" class=\"attachment-full size-full wp-image-2976\" alt=\"\" \/><\/figure><div class=\"elementor-image-box-content\"><h3 class=\"elementor-image-box-title\">Declara\u00e7\u00e3o de Descontos - Procedimento<\/h3><p class=\"elementor-image-box-description\">1. Insira seu nome exatamente como aparece no seu cart\u00e3o (impresso ou virtual).<br><br>\n\n2. No segundo campo, digite o c\u00f3digo ALL SUL ou o c\u00f3digo da parceria.<br><br>\n\n3. Clique em \u201cContinuar\u201d.<br><br>\n\nATEN\u00c7\u00c3O: A Declara\u00e7\u00e3o de Descontos ser\u00e1 liberada pelo sistema apenas se a validade do seu Cart\u00e3o de Descontos tiver no m\u00ednimo 60 dias restantes. Este procedimento \u00e9 obrigat\u00f3rio para matr\u00edculas e rematr\u00edculas. Consulte as normas de cada institui\u00e7\u00e3o para mais detalhes.<\/p><\/div><\/div>\t\t\t\t<\/div>\n\t\t\t\t<\/div>\n\t\t\t\t\t<\/div>\n\t\t<\/div>\n\t\t\t\t\t<\/div>\n\t\t<\/section>\n\t\t\t\t<section data-particle_enable=\"false\" data-particle-mobile-disabled=\"false\" class=\"elementor-section elementor-top-section elementor-element elementor-element-660f523 elementor-section-boxed elementor-section-height-default elementor-section-height-default wpr-particle-no wpr-jarallax-no wpr-parallax-no wpr-sticky-section-no wpr-equal-height-no\" data-id=\"660f523\" data-element_type=\"section\" data-e-type=\"section\">\n\t\t\t\t\t\t<div class=\"elementor-container elementor-column-gap-default\">\n\t\t\t\t\t<div class=\"elementor-column elementor-col-100 elementor-top-column elementor-element elementor-element-66b9f68\" data-id=\"66b9f68\" data-element_type=\"column\" data-e-type=\"column\">\n\t\t\t<div class=\"elementor-widget-wrap elementor-element-populated\">\n\t\t\t\t\t\t<div class=\"elementor-element elementor-element-415e3d4 elementor-widget elementor-widget-html\" data-id=\"415e3d4\" data-element_type=\"widget\" data-e-type=\"widget\" data-widget_type=\"html.default\">\n\t\t\t\t<div class=\"elementor-widget-container\">\n\t\t\t\t\t<iframe style=\"border: 0;\" src=\"https:\/\/allsul.com.br\/allsul\/liberar_declaracao.php\" width=\"600px\" height=\"400px\" frameborder=\"0\" scrolling=\"yes\"><\/iframe>\t\t\t\t<\/div>\n\t\t\t\t<\/div>\n\t\t\t\t\t<\/div>\n\t\t<\/div>\n\t\t\t\t\t<\/div>\n\t\t<\/section>\n\t\t\t\t<\/div>\n\t\t","protected":false},"excerpt":{"rendered":"<p>Declara\u00e7\u00e3o de Descontos &#8211; Procedimento 1. Insira seu nome exatamente como aparece no seu cart\u00e3o (impresso ou virtual). 2. No segundo campo, digite o c\u00f3digo ALL SUL ou o c\u00f3digo da parceria. 3. Clique em \u201cContinuar\u201d. ATEN\u00c7\u00c3O: A Declara\u00e7\u00e3o de Descontos ser\u00e1 liberada pelo sistema apenas se a validade do seu Cart\u00e3o de Descontos tiver no m\u00ednimo 60 dias restantes. Este procedimento \u00e9 obrigat\u00f3rio para matr\u00edculas e rematr\u00edculas. Consulte as normas de cada institui\u00e7\u00e3o para mais detalhes.<\/p>\n","protected":false},"author":1,"featured_media":0,"parent":0,"menu_order":0,"comment_status":"closed","ping_status":"closed","template":"","meta":{"om_disable_all_campaigns":false,"_monsterinsights_skip_tracking":false,"_monsterinsights_sitenote_active":false,"_monsterinsights_sitenote_note":"","_monsterinsights_sitenote_category":0,"footnotes":""},"class_list":["post-20","page","type-page","status-publish"],"aioseo_notices":[],"_links":{"self":[{"href":"https:\/\/allsul.com.br\/livre\/wp-json\/wp\/v2\/pages\/20","targetHints":{"allow":["GET"]}}],"collection":[{"href":"https:\/\/allsul.com.br\/livre\/wp-json\/wp\/v2\/pages"}],"about":[{"href":"https:\/\/allsul.com.br\/livre\/wp-json\/wp\/v2\/types\/page"}],"author":[{"embeddable":true,"href":"https:\/\/allsul.com.br\/livre\/wp-json\/wp\/v2\/users\/1"}],"replies":[{"embeddable":true,"href":"https:\/\/allsul.com.br\/livre\/wp-json\/wp\/v2\/comments?post=20"}],"version-history":[{"count":13,"href":"https:\/\/allsul.com.br\/livre\/wp-json\/wp\/v2\/pages\/20\/revisions"}],"predecessor-version":[{"id":2983,"href":"https:\/\/allsul.com.br\/livre\/wp-json\/wp\/v2\/pages\/20\/revisions\/2983"}],"wp:attachment":[{"href":"https:\/\/allsul.com.br\/livre\/wp-json\/wp\/v2\/media?parent=20"}],"curies":[{"name":"wp","href":"https:\/\/api.w.org\/{rel}","templated":true}]}}