{"id":1899,"date":"2024-08-15T13:50:04","date_gmt":"2024-08-15T13:50:04","guid":{"rendered":"https:\/\/allsul.com.br\/livre\/?page_id=1899"},"modified":"2025-03-10T15:11:57","modified_gmt":"2025-03-10T15:11:57","slug":"descontos-rapidos","status":"publish","type":"page","link":"https:\/\/allsul.com.br\/livre\/descontos-rapidos\/","title":{"rendered":"Descontos R\u00e1pidos"},"content":{"rendered":"\t\t<div data-elementor-type=\"wp-page\" data-elementor-id=\"1899\" class=\"elementor elementor-1899\" data-elementor-post-type=\"page\">\n\t\t\t\t\t\t<section data-particle_enable=\"false\" data-particle-mobile-disabled=\"false\" class=\"elementor-section elementor-top-section elementor-element elementor-element-5799a20 elementor-section-boxed elementor-section-height-default elementor-section-height-default wpr-particle-no wpr-jarallax-no wpr-parallax-no wpr-sticky-section-no wpr-equal-height-no\" data-id=\"5799a20\" data-element_type=\"section\" data-e-type=\"section\">\n\t\t\t\t\t\t<div class=\"elementor-container elementor-column-gap-default\">\n\t\t\t\t\t<div class=\"elementor-column elementor-col-100 elementor-top-column elementor-element elementor-element-b492370\" data-id=\"b492370\" data-element_type=\"column\" data-e-type=\"column\">\n\t\t\t<div class=\"elementor-widget-wrap elementor-element-populated\">\n\t\t\t\t\t\t<div class=\"elementor-element elementor-element-5c36ccd elementor-position-inline-start elementor-view-default elementor-mobile-position-block-start elementor-widget elementor-widget-icon-box\" data-id=\"5c36ccd\" data-element_type=\"widget\" data-e-type=\"widget\" data-widget_type=\"icon-box.default\">\n\t\t\t\t<div class=\"elementor-widget-container\">\n\t\t\t\t\t\t\t<div class=\"elementor-icon-box-wrapper\">\n\n\t\t\t\t\t\t<div class=\"elementor-icon-box-icon\">\n\t\t\t\t<span  class=\"elementor-icon\">\n\t\t\t\t<svg aria-hidden=\"true\" class=\"e-font-icon-svg e-fas-hand-holding-usd\" viewBox=\"0 0 576 512\" xmlns=\"http:\/\/www.w3.org\/2000\/svg\"><path d=\"M271.06,144.3l54.27,14.3a8.59,8.59,0,0,1,6.63,8.1c0,4.6-4.09,8.4-9.12,8.4h-35.6a30,30,0,0,1-11.19-2.2c-5.24-2.2-11.28-1.7-15.3,2l-19,17.5a11.68,11.68,0,0,0-2.25,2.66,11.42,11.42,0,0,0,3.88,15.74,83.77,83.77,0,0,0,34.51,11.5V240c0,8.8,7.83,16,17.37,16h17.37c9.55,0,17.38-7.2,17.38-16V222.4c32.93-3.6,57.84-31,53.5-63-3.15-23-22.46-41.3-46.56-47.7L282.68,97.4a8.59,8.59,0,0,1-6.63-8.1c0-4.6,4.09-8.4,9.12-8.4h35.6A30,30,0,0,1,332,83.1c5.23,2.2,11.28,1.7,15.3-2l19-17.5A11.31,11.31,0,0,0,368.47,61a11.43,11.43,0,0,0-3.84-15.78,83.82,83.82,0,0,0-34.52-11.5V16c0-8.8-7.82-16-17.37-16H295.37C285.82,0,278,7.2,278,16V33.6c-32.89,3.6-57.85,31-53.51,63C227.63,119.6,247,137.9,271.06,144.3ZM565.27,328.1c-11.8-10.7-30.2-10-42.6,0L430.27,402a63.64,63.64,0,0,1-40,14H272a16,16,0,0,1,0-32h78.29c15.9,0,30.71-10.9,33.25-26.6a31.2,31.2,0,0,0,.46-5.46A32,32,0,0,0,352,320H192a117.66,117.66,0,0,0-74.1,26.29L71.4,384H16A16,16,0,0,0,0,400v96a16,16,0,0,0,16,16H372.77a64,64,0,0,0,40-14L564,377a32,32,0,0,0,1.28-48.9Z\"><\/path><\/svg>\t\t\t\t<\/span>\n\t\t\t<\/div>\n\t\t\t\n\t\t\t\t\t\t<div class=\"elementor-icon-box-content\">\n\n\t\t\t\t\t\t\t\t\t<h3 class=\"elementor-icon-box-title\">\n\t\t\t\t\t\t<span  >\n\t\t\t\t\t\t\tCupons por tempo limitado\t\t\t\t\t\t<\/span>\n\t\t\t\t\t<\/h3>\n\t\t\t\t\n\t\t\t\t\t\t\t\t\t<p class=\"elementor-icon-box-description\">\n\t\t\t\t\t\tDescubra promo\u00e7\u00f5es e descontos por tempo limitado de diversas lojas. Visite-nos regularmente para ficar por dentro das novidades e n\u00e3o perder nenhuma oferta! ATEN\u00c7\u00c3O: Essas condi\u00e7\u00f5es s\u00e3o somente divulgadas no nosso canal no whastapp.\t\t\t\t\t<\/p>\n\t\t\t\t\n\t\t\t<\/div>\n\t\t\t\n\t\t<\/div>\n\t\t\t\t\t\t<\/div>\n\t\t\t\t<\/div>\n\t\t\t\t\t<\/div>\n\t\t<\/div>\n\t\t\t\t\t<\/div>\n\t\t<\/section>\n\t\t\t\t<section data-particle_enable=\"false\" data-particle-mobile-disabled=\"false\" class=\"elementor-section elementor-top-section elementor-element elementor-element-8ce2680 elementor-section-boxed elementor-section-height-default elementor-section-height-default wpr-particle-no wpr-jarallax-no wpr-parallax-no wpr-sticky-section-no wpr-equal-height-no\" data-id=\"8ce2680\" data-element_type=\"section\" data-e-type=\"section\">\n\t\t\t\t\t\t<div class=\"elementor-container elementor-column-gap-default\">\n\t\t\t\t\t<div class=\"elementor-column elementor-col-100 elementor-top-column elementor-element elementor-element-9c09ddc\" data-id=\"9c09ddc\" data-element_type=\"column\" data-e-type=\"column\">\n\t\t\t<div class=\"elementor-widget-wrap elementor-element-populated\">\n\t\t\t\t\t\t<div class=\"elementor-element elementor-element-2932074 elementor-widget elementor-widget-text-editor\" data-id=\"2932074\" data-element_type=\"widget\" data-e-type=\"widget\" data-widget_type=\"text-editor.default\">\n\t\t\t\t<div class=\"elementor-widget-container\">\n\t\t\t\t\t\t\t\t\t<p><strong>Aten\u00e7\u00e3o:<\/strong> Para uma melhor visualiza\u00e7\u00e3o, retiramos os cupons r\u00e1pidos e os inserimos no <em>Guia de Conv\u00eanios<\/em>.<br \/>Voc\u00ea tamb\u00e9m poder\u00e1 acompanhar esses cupons em nosso canal do <strong>WhatsApp<\/strong>: <a href=\"https:\/\/whatsapp.com\/channel\/0029VaXWv5JB4hdTj4wFXh1B\">clique aqui para entrar<\/a><\/p>\t\t\t\t\t\t\t\t<\/div>\n\t\t\t\t<\/div>\n\t\t\t\t<div class=\"elementor-element elementor-element-046467f elementor-widget elementor-widget-spacer\" data-id=\"046467f\" data-element_type=\"widget\" data-e-type=\"widget\" data-widget_type=\"spacer.default\">\n\t\t\t\t<div class=\"elementor-widget-container\">\n\t\t\t\t\t\t\t<div class=\"elementor-spacer\">\n\t\t\t<div class=\"elementor-spacer-inner\"><\/div>\n\t\t<\/div>\n\t\t\t\t\t\t<\/div>\n\t\t\t\t<\/div>\n\t\t\t\t\t<\/div>\n\t\t<\/div>\n\t\t\t\t\t<\/div>\n\t\t<\/section>\n\t\t\t\t<\/div>\n\t\t","protected":false},"excerpt":{"rendered":"<p>Cupons por tempo limitado Descubra promo\u00e7\u00f5es e descontos por tempo limitado de diversas lojas. Visite-nos regularmente para ficar por dentro das novidades e n\u00e3o perder nenhuma oferta! ATEN\u00c7\u00c3O: Essas condi\u00e7\u00f5es s\u00e3o somente divulgadas no nosso canal no whastapp. Aten\u00e7\u00e3o: Para uma melhor visualiza\u00e7\u00e3o, retiramos os cupons r\u00e1pidos e os inserimos no Guia de Conv\u00eanios.Voc\u00ea tamb\u00e9m poder\u00e1 acompanhar esses cupons em nosso canal do WhatsApp: clique aqui para entrar<\/p>\n","protected":false},"author":1,"featured_media":0,"parent":0,"menu_order":0,"comment_status":"closed","ping_status":"closed","template":"elementor_header_footer","meta":{"om_disable_all_campaigns":false,"_monsterinsights_skip_tracking":false,"_monsterinsights_sitenote_active":false,"_monsterinsights_sitenote_note":"","_monsterinsights_sitenote_category":0,"footnotes":""},"class_list":["post-1899","page","type-page","status-publish"],"aioseo_notices":[],"_links":{"self":[{"href":"https:\/\/allsul.com.br\/livre\/wp-json\/wp\/v2\/pages\/1899","targetHints":{"allow":["GET"]}}],"collection":[{"href":"https:\/\/allsul.com.br\/livre\/wp-json\/wp\/v2\/pages"}],"about":[{"href":"https:\/\/allsul.com.br\/livre\/wp-json\/wp\/v2\/types\/page"}],"author":[{"embeddable":true,"href":"https:\/\/allsul.com.br\/livre\/wp-json\/wp\/v2\/users\/1"}],"replies":[{"embeddable":true,"href":"https:\/\/allsul.com.br\/livre\/wp-json\/wp\/v2\/comments?post=1899"}],"version-history":[{"count":160,"href":"https:\/\/allsul.com.br\/livre\/wp-json\/wp\/v2\/pages\/1899\/revisions"}],"predecessor-version":[{"id":2518,"href":"https:\/\/allsul.com.br\/livre\/wp-json\/wp\/v2\/pages\/1899\/revisions\/2518"}],"wp:attachment":[{"href":"https:\/\/allsul.com.br\/livre\/wp-json\/wp\/v2\/media?parent=1899"}],"curies":[{"name":"wp","href":"https:\/\/api.w.org\/{rel}","templated":true}]}}